{"id":80,"date":"2020-12-21T17:01:29","date_gmt":"2020-12-21T16:01:29","guid":{"rendered":"http:\/\/vousaider.fr\/?page_id=80"},"modified":"2020-12-31T18:58:30","modified_gmt":"2020-12-31T17:58:30","slug":"mes-realisations","status":"publish","type":"page","link":"https:\/\/vousaider.fr\/?page_id=80","title":{"rendered":"Mes r\u00e9alisations"},"content":{"rendered":"\n<p>D\u00e9marrage oblige, je n&#8217;ai pas (encore) beaucoup de photos prises en client\u00e8le &#8230; Mais je peux vous proposer un aper\u00e7u de mon petit chez moi &#8230; <\/p>\n\n\n\n<p><\/p>\n\n\n\n<div class=\"wp-block-columns\">\n<div class=\"wp-block-column\" style=\"flex-basis:100%\">\n<figure class=\"wp-block-gallery columns-3 is-cropped\"><ul class=\"blocks-gallery-grid\"><li class=\"blocks-gallery-item\"><figure><img loading=\"lazy\" width=\"1024\" height=\"768\" src=\"http:\/\/vousaider.fr\/wp-content\/uploads\/2020\/12\/Haies2-1024x768.jpg\" alt=\"\" data-id=\"88\" data-full-url=\"http:\/\/vousaider.fr\/wp-content\/uploads\/2020\/12\/Haies2-scaled.jpg\" data-link=\"http:\/\/vousaider.fr\/?attachment_id=88\" class=\"wp-image-88\" srcset=\"https:\/\/vousaider.fr\/wp-content\/uploads\/2020\/12\/Haies2-1024x768.jpg 1024w, https:\/\/vousaider.fr\/wp-content\/uploads\/2020\/12\/Haies2-300x225.jpg 300w, https:\/\/vousaider.fr\/wp-content\/uploads\/2020\/12\/Haies2-768x576.jpg 768w, https:\/\/vousaider.fr\/wp-content\/uploads\/2020\/12\/Haies2-1536x1152.jpg 1536w, https:\/\/vousaider.fr\/wp-content\/uploads\/2020\/12\/Haies2-2048x1536.jpg 2048w\" sizes=\"(max-width: 1024px) 100vw, 1024px\" \/><\/figure><\/li><li class=\"blocks-gallery-item\"><figure><img loading=\"lazy\" width=\"1024\" height=\"768\" src=\"http:\/\/vousaider.fr\/wp-content\/uploads\/2020\/12\/Haies-1024x768.jpg\" alt=\"\" data-id=\"87\" data-full-url=\"http:\/\/vousaider.fr\/wp-content\/uploads\/2020\/12\/Haies-scaled.jpg\" data-link=\"http:\/\/vousaider.fr\/?attachment_id=87\" class=\"wp-image-87\" srcset=\"https:\/\/vousaider.fr\/wp-content\/uploads\/2020\/12\/Haies-1024x768.jpg 1024w, https:\/\/vousaider.fr\/wp-content\/uploads\/2020\/12\/Haies-300x225.jpg 300w, https:\/\/vousaider.fr\/wp-content\/uploads\/2020\/12\/Haies-768x576.jpg 768w, https:\/\/vousaider.fr\/wp-content\/uploads\/2020\/12\/Haies-1536x1152.jpg 1536w, https:\/\/vousaider.fr\/wp-content\/uploads\/2020\/12\/Haies-2048x1536.jpg 2048w\" sizes=\"(max-width: 1024px) 100vw, 1024px\" \/><\/figure><\/li><li class=\"blocks-gallery-item\"><figure><img loading=\"lazy\" width=\"768\" height=\"1024\" src=\"http:\/\/vousaider.fr\/wp-content\/uploads\/2020\/12\/Repiquer-768x1024.jpg\" alt=\"\" data-id=\"90\" data-full-url=\"http:\/\/vousaider.fr\/wp-content\/uploads\/2020\/12\/Repiquer-scaled.jpg\" data-link=\"http:\/\/vousaider.fr\/?attachment_id=90\" class=\"wp-image-90\" srcset=\"https:\/\/vousaider.fr\/wp-content\/uploads\/2020\/12\/Repiquer-768x1024.jpg 768w, https:\/\/vousaider.fr\/wp-content\/uploads\/2020\/12\/Repiquer-225x300.jpg 225w, https:\/\/vousaider.fr\/wp-content\/uploads\/2020\/12\/Repiquer-1152x1536.jpg 1152w, https:\/\/vousaider.fr\/wp-content\/uploads\/2020\/12\/Repiquer-1536x2048.jpg 1536w, https:\/\/vousaider.fr\/wp-content\/uploads\/2020\/12\/Repiquer-scaled.jpg 1920w\" sizes=\"(max-width: 768px) 100vw, 768px\" \/><\/figure><\/li><li class=\"blocks-gallery-item\"><figure><img loading=\"lazy\" width=\"1024\" height=\"768\" src=\"http:\/\/vousaider.fr\/wp-content\/uploads\/2020\/12\/Jardin-sure\u0301leve\u0301-2-1024x768.jpg\" alt=\"\" data-id=\"97\" data-full-url=\"http:\/\/vousaider.fr\/wp-content\/uploads\/2020\/12\/Jardin-sure\u0301leve\u0301-2-scaled.jpg\" data-link=\"http:\/\/vousaider.fr\/?attachment_id=97\" class=\"wp-image-97\" srcset=\"https:\/\/vousaider.fr\/wp-content\/uploads\/2020\/12\/Jardin-sure\u0301leve\u0301-2-1024x768.jpg 1024w, https:\/\/vousaider.fr\/wp-content\/uploads\/2020\/12\/Jardin-sure\u0301leve\u0301-2-300x225.jpg 300w, https:\/\/vousaider.fr\/wp-content\/uploads\/2020\/12\/Jardin-sure\u0301leve\u0301-2-768x576.jpg 768w, https:\/\/vousaider.fr\/wp-content\/uploads\/2020\/12\/Jardin-sure\u0301leve\u0301-2-1536x1152.jpg 1536w, https:\/\/vousaider.fr\/wp-content\/uploads\/2020\/12\/Jardin-sure\u0301leve\u0301-2-2048x1536.jpg 2048w\" sizes=\"(max-width: 1024px) 100vw, 1024px\" \/><\/figure><\/li><li class=\"blocks-gallery-item\"><figure><img loading=\"lazy\" width=\"1024\" height=\"768\" src=\"http:\/\/vousaider.fr\/wp-content\/uploads\/2020\/12\/Jardin-sure\u0301leve\u0301-1024x768.jpg\" alt=\"\" data-id=\"89\" data-full-url=\"http:\/\/vousaider.fr\/wp-content\/uploads\/2020\/12\/Jardin-sure\u0301leve\u0301-scaled.jpg\" data-link=\"http:\/\/vousaider.fr\/?attachment_id=89\" class=\"wp-image-89\" srcset=\"https:\/\/vousaider.fr\/wp-content\/uploads\/2020\/12\/Jardin-sure\u0301leve\u0301-1024x768.jpg 1024w, https:\/\/vousaider.fr\/wp-content\/uploads\/2020\/12\/Jardin-sure\u0301leve\u0301-300x225.jpg 300w, https:\/\/vousaider.fr\/wp-content\/uploads\/2020\/12\/Jardin-sure\u0301leve\u0301-768x576.jpg 768w, https:\/\/vousaider.fr\/wp-content\/uploads\/2020\/12\/Jardin-sure\u0301leve\u0301-1536x1152.jpg 1536w, https:\/\/vousaider.fr\/wp-content\/uploads\/2020\/12\/Jardin-sure\u0301leve\u0301-2048x1536.jpg 2048w\" sizes=\"(max-width: 1024px) 100vw, 1024px\" \/><\/figure><\/li><\/ul><figcaption class=\"blocks-gallery-caption\"><span style=\"color:#44846a\" class=\"has-inline-color\"><strong>Taille de haie, tonte de pelouse, plantes \u00e0 repiquer, am\u00e9nagement d&#8217;un jardin sur\u00e9lev\u00e9, etc &#8230;<\/strong><\/span><\/figcaption><\/figure>\n<\/div>\n<\/div>\n\n\n\n<p><\/p>\n\n\n\n<p><\/p>\n\n\n\n<figure class=\"wp-block-gallery columns-3 is-cropped\"><ul class=\"blocks-gallery-grid\"><li class=\"blocks-gallery-item\"><figure><img loading=\"lazy\" width=\"1024\" height=\"768\" src=\"http:\/\/vousaider.fr\/wp-content\/uploads\/2020\/12\/Pave\u0301s-1024x768.jpg\" alt=\"\" data-id=\"101\" data-full-url=\"http:\/\/vousaider.fr\/wp-content\/uploads\/2020\/12\/Pave\u0301s-scaled.jpg\" data-link=\"http:\/\/vousaider.fr\/?attachment_id=101\" class=\"wp-image-101\" srcset=\"https:\/\/vousaider.fr\/wp-content\/uploads\/2020\/12\/Pave\u0301s-1024x768.jpg 1024w, https:\/\/vousaider.fr\/wp-content\/uploads\/2020\/12\/Pave\u0301s-300x225.jpg 300w, https:\/\/vousaider.fr\/wp-content\/uploads\/2020\/12\/Pave\u0301s-768x576.jpg 768w, https:\/\/vousaider.fr\/wp-content\/uploads\/2020\/12\/Pave\u0301s-1536x1152.jpg 1536w, https:\/\/vousaider.fr\/wp-content\/uploads\/2020\/12\/Pave\u0301s-2048x1536.jpg 2048w\" sizes=\"(max-width: 1024px) 100vw, 1024px\" \/><\/figure><\/li><li class=\"blocks-gallery-item\"><figure><img loading=\"lazy\" width=\"1024\" height=\"768\" src=\"http:\/\/vousaider.fr\/wp-content\/uploads\/2020\/12\/ame\u0301nagement-graviers-1024x768.jpg\" alt=\"\" data-id=\"91\" data-full-url=\"http:\/\/vousaider.fr\/wp-content\/uploads\/2020\/12\/ame\u0301nagement-graviers-scaled.jpg\" data-link=\"http:\/\/vousaider.fr\/?attachment_id=91\" class=\"wp-image-91\" srcset=\"https:\/\/vousaider.fr\/wp-content\/uploads\/2020\/12\/ame\u0301nagement-graviers-1024x768.jpg 1024w, https:\/\/vousaider.fr\/wp-content\/uploads\/2020\/12\/ame\u0301nagement-graviers-300x225.jpg 300w, https:\/\/vousaider.fr\/wp-content\/uploads\/2020\/12\/ame\u0301nagement-graviers-768x576.jpg 768w, https:\/\/vousaider.fr\/wp-content\/uploads\/2020\/12\/ame\u0301nagement-graviers-1536x1152.jpg 1536w, https:\/\/vousaider.fr\/wp-content\/uploads\/2020\/12\/ame\u0301nagement-graviers-2048x1536.jpg 2048w\" sizes=\"(max-width: 1024px) 100vw, 1024px\" \/><\/figure><\/li><li class=\"blocks-gallery-item\"><figure><img loading=\"lazy\" width=\"1024\" height=\"768\" src=\"http:\/\/vousaider.fr\/wp-content\/uploads\/2020\/12\/Parterre-1024x768.jpg\" alt=\"\" data-id=\"100\" data-full-url=\"http:\/\/vousaider.fr\/wp-content\/uploads\/2020\/12\/Parterre-scaled.jpg\" data-link=\"http:\/\/vousaider.fr\/?attachment_id=100\" class=\"wp-image-100\" srcset=\"https:\/\/vousaider.fr\/wp-content\/uploads\/2020\/12\/Parterre-1024x768.jpg 1024w, https:\/\/vousaider.fr\/wp-content\/uploads\/2020\/12\/Parterre-300x225.jpg 300w, https:\/\/vousaider.fr\/wp-content\/uploads\/2020\/12\/Parterre-768x576.jpg 768w, https:\/\/vousaider.fr\/wp-content\/uploads\/2020\/12\/Parterre-1536x1152.jpg 1536w, https:\/\/vousaider.fr\/wp-content\/uploads\/2020\/12\/Parterre-2048x1536.jpg 2048w\" sizes=\"(max-width: 1024px) 100vw, 1024px\" \/><\/figure><\/li><li class=\"blocks-gallery-item\"><figure><img loading=\"lazy\" width=\"1024\" height=\"768\" src=\"http:\/\/vousaider.fr\/wp-content\/uploads\/2020\/12\/Muret-1024x768.jpg\" alt=\"\" data-id=\"99\" data-full-url=\"http:\/\/vousaider.fr\/wp-content\/uploads\/2020\/12\/Muret-scaled.jpg\" data-link=\"http:\/\/vousaider.fr\/?attachment_id=99\" class=\"wp-image-99\" srcset=\"https:\/\/vousaider.fr\/wp-content\/uploads\/2020\/12\/Muret-1024x768.jpg 1024w, https:\/\/vousaider.fr\/wp-content\/uploads\/2020\/12\/Muret-300x225.jpg 300w, https:\/\/vousaider.fr\/wp-content\/uploads\/2020\/12\/Muret-768x576.jpg 768w, https:\/\/vousaider.fr\/wp-content\/uploads\/2020\/12\/Muret-1536x1152.jpg 1536w, https:\/\/vousaider.fr\/wp-content\/uploads\/2020\/12\/Muret-2048x1536.jpg 2048w\" sizes=\"(max-width: 1024px) 100vw, 1024px\" \/><\/figure><\/li><\/ul><figcaption class=\"blocks-gallery-caption\"><strong>Quelques am\u00e9nagements ext\u00e9rieurs : pose de pierres, pav\u00e9s, cr\u00e9ation de murets, am\u00e9nagements du sol (m\u00eame la petite table ext\u00e9rieure est faite maison &#8230;)<\/strong><\/figcaption><\/figure>\n\n\n\n<p><\/p>\n\n\n\n<p><\/p>\n\n\n\n<figure class=\"wp-block-gallery columns-3 is-cropped\"><ul class=\"blocks-gallery-grid\"><li class=\"blocks-gallery-item\"><figure><img loading=\"lazy\" width=\"768\" height=\"1024\" src=\"http:\/\/vousaider.fr\/wp-content\/uploads\/2020\/12\/Meuble-dentre\u0301e-768x1024.jpg\" alt=\"\" data-id=\"98\" data-full-url=\"http:\/\/vousaider.fr\/wp-content\/uploads\/2020\/12\/Meuble-dentre\u0301e-scaled.jpg\" data-link=\"http:\/\/vousaider.fr\/?attachment_id=98\" class=\"wp-image-98\" srcset=\"https:\/\/vousaider.fr\/wp-content\/uploads\/2020\/12\/Meuble-dentre\u0301e-768x1024.jpg 768w, https:\/\/vousaider.fr\/wp-content\/uploads\/2020\/12\/Meuble-dentre\u0301e-225x300.jpg 225w, https:\/\/vousaider.fr\/wp-content\/uploads\/2020\/12\/Meuble-dentre\u0301e-1152x1536.jpg 1152w, https:\/\/vousaider.fr\/wp-content\/uploads\/2020\/12\/Meuble-dentre\u0301e-1536x2048.jpg 1536w, https:\/\/vousaider.fr\/wp-content\/uploads\/2020\/12\/Meuble-dentre\u0301e-scaled.jpg 1920w\" sizes=\"(max-width: 768px) 100vw, 768px\" \/><\/figure><\/li><li class=\"blocks-gallery-item\"><figure><img loading=\"lazy\" width=\"1024\" height=\"768\" src=\"http:\/\/vousaider.fr\/wp-content\/uploads\/2020\/12\/Etage\u0300res-suspendues-1024x768.jpg\" alt=\"\" data-id=\"96\" data-full-url=\"http:\/\/vousaider.fr\/wp-content\/uploads\/2020\/12\/Etage\u0300res-suspendues-scaled.jpg\" data-link=\"http:\/\/vousaider.fr\/?attachment_id=96\" class=\"wp-image-96\" srcset=\"https:\/\/vousaider.fr\/wp-content\/uploads\/2020\/12\/Etage\u0300res-suspendues-1024x768.jpg 1024w, https:\/\/vousaider.fr\/wp-content\/uploads\/2020\/12\/Etage\u0300res-suspendues-300x225.jpg 300w, https:\/\/vousaider.fr\/wp-content\/uploads\/2020\/12\/Etage\u0300res-suspendues-768x576.jpg 768w, https:\/\/vousaider.fr\/wp-content\/uploads\/2020\/12\/Etage\u0300res-suspendues-1536x1152.jpg 1536w, https:\/\/vousaider.fr\/wp-content\/uploads\/2020\/12\/Etage\u0300res-suspendues-2048x1536.jpg 2048w\" sizes=\"(max-width: 1024px) 100vw, 1024px\" \/><\/figure><\/li><li class=\"blocks-gallery-item\"><figure><img loading=\"lazy\" width=\"768\" height=\"1024\" src=\"http:\/\/vousaider.fr\/wp-content\/uploads\/2020\/12\/Etabli-768x1024.jpg\" alt=\"\" data-id=\"95\" data-full-url=\"http:\/\/vousaider.fr\/wp-content\/uploads\/2020\/12\/Etabli-scaled.jpg\" data-link=\"http:\/\/vousaider.fr\/?attachment_id=95\" class=\"wp-image-95\" srcset=\"https:\/\/vousaider.fr\/wp-content\/uploads\/2020\/12\/Etabli-768x1024.jpg 768w, https:\/\/vousaider.fr\/wp-content\/uploads\/2020\/12\/Etabli-225x300.jpg 225w, https:\/\/vousaider.fr\/wp-content\/uploads\/2020\/12\/Etabli-1152x1536.jpg 1152w, https:\/\/vousaider.fr\/wp-content\/uploads\/2020\/12\/Etabli-1536x2048.jpg 1536w, https:\/\/vousaider.fr\/wp-content\/uploads\/2020\/12\/Etabli-scaled.jpg 1920w\" sizes=\"(max-width: 768px) 100vw, 768px\" \/><\/figure><\/li><li class=\"blocks-gallery-item\"><figure><img loading=\"lazy\" width=\"768\" height=\"1024\" src=\"http:\/\/vousaider.fr\/wp-content\/uploads\/2020\/12\/Bibliothe\u0300que-768x1024.jpg\" alt=\"\" data-id=\"92\" data-full-url=\"http:\/\/vousaider.fr\/wp-content\/uploads\/2020\/12\/Bibliothe\u0300que-scaled.jpg\" data-link=\"http:\/\/vousaider.fr\/?attachment_id=92\" class=\"wp-image-92\" srcset=\"https:\/\/vousaider.fr\/wp-content\/uploads\/2020\/12\/Bibliothe\u0300que-768x1024.jpg 768w, https:\/\/vousaider.fr\/wp-content\/uploads\/2020\/12\/Bibliothe\u0300que-225x300.jpg 225w, https:\/\/vousaider.fr\/wp-content\/uploads\/2020\/12\/Bibliothe\u0300que-1152x1536.jpg 1152w, https:\/\/vousaider.fr\/wp-content\/uploads\/2020\/12\/Bibliothe\u0300que-1536x2048.jpg 1536w, https:\/\/vousaider.fr\/wp-content\/uploads\/2020\/12\/Bibliothe\u0300que-scaled.jpg 1920w\" sizes=\"(max-width: 768px) 100vw, 768px\" \/><\/figure><\/li><\/ul><figcaption class=\"blocks-gallery-caption\"><strong><span class=\"has-inline-color has-vivid-red-color\">Quelques am\u00e9nagements int\u00e9rieurs (une biblioth\u00e8que, un meuble d&#8217;entr\u00e9e, une \u00e9tag\u00e8re suspendue et une petite table basse r\u00e9alis\u00e9e \u00e0 partir d&#8217;un ancien \u00e9tabli !<\/span><\/strong><\/figcaption><\/figure>\n\n\n\n<p><\/p>\n","protected":false},"excerpt":{"rendered":"<p>D\u00e9marrage oblige, je n&#8217;ai pas (encore) beaucoup de photos prises en client\u00e8le &#8230; Mais je peux vous proposer un aper\u00e7u de mon petit chez moi &#8230;<\/p>\n","protected":false},"author":1,"featured_media":0,"parent":0,"menu_order":0,"comment_status":"closed","ping_status":"closed","template":"","meta":[],"_links":{"self":[{"href":"https:\/\/vousaider.fr\/index.php?rest_route=\/wp\/v2\/pages\/80"}],"collection":[{"href":"https:\/\/vousaider.fr\/index.php?rest_route=\/wp\/v2\/pages"}],"about":[{"href":"https:\/\/vousaider.fr\/index.php?rest_route=\/wp\/v2\/types\/page"}],"author":[{"embeddable":true,"href":"https:\/\/vousaider.fr\/index.php?rest_route=\/wp\/v2\/users\/1"}],"replies":[{"embeddable":true,"href":"https:\/\/vousaider.fr\/index.php?rest_route=%2Fwp%2Fv2%2Fcomments&post=80"}],"version-history":[{"count":4,"href":"https:\/\/vousaider.fr\/index.php?rest_route=\/wp\/v2\/pages\/80\/revisions"}],"predecessor-version":[{"id":117,"href":"https:\/\/vousaider.fr\/index.php?rest_route=\/wp\/v2\/pages\/80\/revisions\/117"}],"wp:attachment":[{"href":"https:\/\/vousaider.fr\/index.php?rest_route=%2Fwp%2Fv2%2Fmedia&parent=80"}],"curies":[{"name":"wp","href":"https:\/\/api.w.org\/{rel}","templated":true}]}}