{"id":61,"date":"2020-12-21T15:46:20","date_gmt":"2020-12-21T14:46:20","guid":{"rendered":"http:\/\/vousaider.fr\/?page_id=61"},"modified":"2020-12-21T16:42:58","modified_gmt":"2020-12-21T15:42:58","slug":"je-me-presente","status":"publish","type":"page","link":"https:\/\/vousaider.fr\/?page_id=61","title":{"rendered":"Je me pr\u00e9sente &#8230;"},"content":{"rendered":"\n<div class=\"wp-block-image\"><figure class=\"aligncenter size-large is-resized\"><img loading=\"lazy\" src=\"http:\/\/vousaider.fr\/wp-content\/uploads\/2020\/12\/Laurent-822x1024.png\" alt=\"\" class=\"wp-image-72\" width=\"219\" height=\"273\" srcset=\"https:\/\/vousaider.fr\/wp-content\/uploads\/2020\/12\/Laurent-822x1024.png 822w, https:\/\/vousaider.fr\/wp-content\/uploads\/2020\/12\/Laurent-241x300.png 241w, https:\/\/vousaider.fr\/wp-content\/uploads\/2020\/12\/Laurent-768x957.png 768w, https:\/\/vousaider.fr\/wp-content\/uploads\/2020\/12\/Laurent-1233x1536.png 1233w, https:\/\/vousaider.fr\/wp-content\/uploads\/2020\/12\/Laurent-1643x2048.png 1643w\" sizes=\"(max-width: 219px) 100vw, 219px\" \/><figcaption>Laurent Fasquelle<\/figcaption><\/figure><\/div>\n\n\n\n<p>Avant de vous pr\u00e9senter mes prestations, une petite pr\u00e9sentation de moi m\u00eame et de mon projet s&#8217;imposent &#8230; savoir d&#8217;o\u00f9 je viens vous permettra de comprendre les valeurs que je souhaite mettre en pratique dans mon activit\u00e9. En effet, apr\u00e8s 20 ann\u00e9es exerc\u00e9es dans le domaine administratif et comptable, j&#8217;ai d\u00e9cid\u00e9 de changer de cap et de prendre ma vie professionnelle en main &#8230;<\/p>\n\n\n\n<p> <\/p>\n\n\n\n<p>Petit retour en arri\u00e8re : Titulaire d&#8217;un dipl\u00f4me sup\u00e9rieur en comptabilit\u00e9 et d&#8217;un master en gestion d&#8217;\u00e9tablissement de sant\u00e9, j&#8217;ai travaill\u00e9 en cabinet d&#8217;expertise comptable et au sein d&#8217;un groupe de cliniques priv\u00e9 (comptable, puis responsable administratif, directeur et enfin directeur administratif et financier). J&#8217;ai beaucoup appris de ces exp\u00e9riences vari\u00e9es, ai d\u00e9velopp\u00e9 des qualit\u00e9s de rigueur, de fiabilit\u00e9 et de confidentialit\u00e9. Mais la proximit\u00e9 des autres, la relation humaine, l&#8217;aide et la bienveillance s&#8217;\u00e9loignaient de moi de plus en plus, \u00e0 mon plus grand regret. Quoi de mieux alors que de me tourner vers les &#8220;services \u00e0 la personne&#8221;. Ces prestations, r\u00e9glement\u00e9es et encadr\u00e9es, combinent \u00e0 la fois ma passion, mon exp\u00e9rience et mon souhait d&#8217;\u00eatre utile aux autres, tout simplement. Je vous propose ainsi l&#8217;entretien de vos ext\u00e9rieurs (pelouse, haies, jardinage &#8230;), des petits travaux de bricolage (ma grande passion depuis que je suis tout petit), mais aussi une assistance administrative, en rapport avec mon ancien m\u00e9tier (assistance dans la r\u00e9daction de courriers, accompagnement dans toute d\u00e9marche administrative, d\u00e9clarations fiscales ou sociales, etc.). <strong><span class=\"has-inline-color has-vivid-cyan-blue-color\">Confiance, simplicit\u00e9 et polyvalence<\/span><\/strong> sont les qualit\u00e9s sur lesquelles je m&#8217;appuierai, pour tenter de faire ensemble un petit bout de chemin &#8230;<\/p>\n\n\n\n<p>A bient\u00f4t j&#8217;esp\u00e8re !<\/p>\n\n\n\n<div class=\"wp-block-image\"><figure class=\"alignright size-large\"><img loading=\"lazy\" width=\"273\" height=\"185\" src=\"http:\/\/vousaider.fr\/wp-content\/uploads\/2020\/12\/Main-dans-main.jpg\" alt=\"\" class=\"wp-image-52\"\/><\/figure><\/div>\n\n\n\n<p>Laurent<\/p>\n","protected":false},"excerpt":{"rendered":"<p>Avant de vous pr\u00e9senter mes prestations, une petite pr\u00e9sentation de moi m\u00eame et de mon projet s&#8217;imposent &#8230; savoir d&#8217;o\u00f9 je viens vous permettra de comprendre les valeurs que je souhaite mettre en pratique dans mon activit\u00e9. En effet, apr\u00e8s 20 ann\u00e9es exerc\u00e9es dans le domaine administratif et comptable, j&#8217;ai d\u00e9cid\u00e9 de changer de cap [&hellip;]<\/p>\n","protected":false},"author":1,"featured_media":0,"parent":0,"menu_order":0,"comment_status":"closed","ping_status":"closed","template":"","meta":[],"_links":{"self":[{"href":"https:\/\/vousaider.fr\/index.php?rest_route=\/wp\/v2\/pages\/61"}],"collection":[{"href":"https:\/\/vousaider.fr\/index.php?rest_route=\/wp\/v2\/pages"}],"about":[{"href":"https:\/\/vousaider.fr\/index.php?rest_route=\/wp\/v2\/types\/page"}],"author":[{"embeddable":true,"href":"https:\/\/vousaider.fr\/index.php?rest_route=\/wp\/v2\/users\/1"}],"replies":[{"embeddable":true,"href":"https:\/\/vousaider.fr\/index.php?rest_route=%2Fwp%2Fv2%2Fcomments&post=61"}],"version-history":[{"count":2,"href":"https:\/\/vousaider.fr\/index.php?rest_route=\/wp\/v2\/pages\/61\/revisions"}],"predecessor-version":[{"id":75,"href":"https:\/\/vousaider.fr\/index.php?rest_route=\/wp\/v2\/pages\/61\/revisions\/75"}],"wp:attachment":[{"href":"https:\/\/vousaider.fr\/index.php?rest_route=%2Fwp%2Fv2%2Fmedia&parent=61"}],"curies":[{"name":"wp","href":"https:\/\/api.w.org\/{rel}","templated":true}]}}