{"id":53,"date":"2020-12-21T14:54:01","date_gmt":"2020-12-21T13:54:01","guid":{"rendered":"http:\/\/vousaider.fr\/?page_id=53"},"modified":"2021-02-18T08:44:06","modified_gmt":"2021-02-18T07:44:06","slug":"accueil","status":"publish","type":"page","link":"https:\/\/vousaider.fr\/","title":{"rendered":"Accueil"},"content":{"rendered":"\n<p class=\"has-text-align-center\"><strong><em><span style=\"color:#760b48\" class=\"has-inline-color\">BIENVENUE SUR MON SITE &#8230;<\/span><\/em><\/strong><\/p>\n\n\n\n<p class=\"has-text-align-center\"><strong><span style=\"color:#702646\" class=\"has-inline-color\">Vous cherchez une personne s\u00e9rieuse, de confiance et polyvalente pour vous aider dans les t\u00e2ches du quotidien ? Vous souhaitez prendre du temps pour vous, d\u00e9l\u00e9guer \u00e0 une personne de confiance ?<\/span><\/strong><\/p>\n\n\n\n<p class=\"has-text-align-center\"><strong><span style=\"color:#702646\" class=\"has-inline-color\">Vous avez besoin d&#8217;un &#8220;coup de main&#8221;, de fa\u00e7on provisoire ou plus durable, pour l&#8217;entretien de votre maison ou pour un accompagnement administratif ?<\/span><\/strong><\/p>\n\n\n\n<p class=\"has-text-align-center\"><strong><span style=\"color:#702646\" class=\"has-inline-color\">Je vous propose mes services, en toute simplicit\u00e9 et convivialit\u00e9.<\/span><\/strong><\/p>\n\n\n\n<figure class=\"wp-block-image size-large\"><img loading=\"lazy\" width=\"1024\" height=\"853\" src=\"http:\/\/vousaider.fr\/wp-content\/uploads\/2020\/12\/2020-12-12-maquette-co\u0302te\u0301-flocage-1024x853.jpg\" alt=\"Pr\u00e9sentation \" class=\"wp-image-43\" srcset=\"https:\/\/vousaider.fr\/wp-content\/uploads\/2020\/12\/2020-12-12-maquette-co\u0302te\u0301-flocage-1024x853.jpg 1024w, https:\/\/vousaider.fr\/wp-content\/uploads\/2020\/12\/2020-12-12-maquette-co\u0302te\u0301-flocage-300x250.jpg 300w, https:\/\/vousaider.fr\/wp-content\/uploads\/2020\/12\/2020-12-12-maquette-co\u0302te\u0301-flocage-768x640.jpg 768w, https:\/\/vousaider.fr\/wp-content\/uploads\/2020\/12\/2020-12-12-maquette-co\u0302te\u0301-flocage-1536x1280.jpg 1536w, https:\/\/vousaider.fr\/wp-content\/uploads\/2020\/12\/2020-12-12-maquette-co\u0302te\u0301-flocage-2048x1706.jpg 2048w\" sizes=\"(max-width: 1024px) 100vw, 1024px\" \/><figcaption>Services \u00e0 la personne<\/figcaption><\/figure>\n\n\n\n<ul><li><a rel=\"noreferrer noopener\" href=\"http:\/\/vousaider.fr\/?page_id=61\" target=\"_blank\">Cliquez ici pour me conna\u00eetre<\/a><\/li><li><a rel=\"noreferrer noopener\" href=\"http:\/\/vousaider.fr\/?page_id=57\" target=\"_blank\">Ou ici si vous souhaitez en savoir plus sur les Services \u00e0 la personne<\/a><\/li><li><a rel=\"noreferrer noopener\" href=\"http:\/\/vousaider.fr\/?page_id=59\" target=\"_blank\">Pour conna\u00eetre le contenu de mes prestations, c&#8217;est par l\u00e0 &#8230;<\/a><\/li><li><a rel=\"noreferrer noopener\" href=\"http:\/\/vousaider.fr\/?page_id=80\" target=\"_blank\">Et enfin je vous montre quelques-unes de mes r\u00e9alisations !<\/a><\/li><\/ul>\n\n\n\n<div class=\"wp-block-buttons\">\n<div class=\"wp-block-button\"><a class=\"wp-block-button__link\" href=\"http:\/\/vousaider.fr\/?page_id=8\" target=\"_blank\" rel=\"noreferrer noopener\"><span class=\"has-inline-color has-luminous-vivid-amber-color\">N&#8217;h\u00e9sitez pas \u00e0 me contacter : nous pourrons discuter simplement de vos souhaits et de vos besoins<\/span><\/a><\/div>\n<\/div>\n\n\n\n<div class=\"wp-block-image\"><figure class=\"aligncenter size-large is-resized\"><img loading=\"lazy\" src=\"http:\/\/vousaider.fr\/wp-content\/uploads\/2020\/12\/Trafic-3-1024x768.jpg\" alt=\"\" class=\"wp-image-106\" width=\"323\" height=\"250\"\/><\/figure><\/div>\n\n\n\n<figure class=\"wp-block-gallery columns-3 is-cropped\"><ul class=\"blocks-gallery-grid\"><li class=\"blocks-gallery-item\"><figure><img loading=\"lazy\" width=\"318\" height=\"159\" src=\"http:\/\/vousaider.fr\/wp-content\/uploads\/2020\/12\/dossiers.jpg\" alt=\"\" data-id=\"51\" data-full-url=\"http:\/\/vousaider.fr\/wp-content\/uploads\/2020\/12\/dossiers.jpg\" data-link=\"http:\/\/vousaider.fr\/?attachment_id=51\" class=\"wp-image-51\" srcset=\"https:\/\/vousaider.fr\/wp-content\/uploads\/2020\/12\/dossiers.jpg 318w, https:\/\/vousaider.fr\/wp-content\/uploads\/2020\/12\/dossiers-300x150.jpg 300w\" sizes=\"(max-width: 318px) 100vw, 318px\" \/><\/figure><\/li><li class=\"blocks-gallery-item\"><figure><img loading=\"lazy\" width=\"275\" height=\"183\" src=\"http:\/\/vousaider.fr\/wp-content\/uploads\/2020\/12\/Karcher.jpg\" alt=\"\" data-id=\"46\" data-full-url=\"http:\/\/vousaider.fr\/wp-content\/uploads\/2020\/12\/Karcher.jpg\" data-link=\"http:\/\/vousaider.fr\/?attachment_id=46\" class=\"wp-image-46\"\/><\/figure><\/li><li class=\"blocks-gallery-item\"><figure><img loading=\"lazy\" width=\"268\" height=\"188\" src=\"http:\/\/vousaider.fr\/wp-content\/uploads\/2020\/12\/pelouse.jpg\" alt=\"\" data-id=\"48\" data-full-url=\"http:\/\/vousaider.fr\/wp-content\/uploads\/2020\/12\/pelouse.jpg\" data-link=\"http:\/\/vousaider.fr\/?attachment_id=48\" class=\"wp-image-48\"\/><\/figure><\/li><li class=\"blocks-gallery-item\"><figure><img loading=\"lazy\" width=\"304\" height=\"166\" src=\"http:\/\/vousaider.fr\/wp-content\/uploads\/2020\/12\/Bricolage.jpg\" alt=\"\" data-id=\"44\" data-full-url=\"http:\/\/vousaider.fr\/wp-content\/uploads\/2020\/12\/Bricolage.jpg\" data-link=\"http:\/\/vousaider.fr\/?attachment_id=44\" class=\"wp-image-44\" srcset=\"https:\/\/vousaider.fr\/wp-content\/uploads\/2020\/12\/Bricolage.jpg 304w, https:\/\/vousaider.fr\/wp-content\/uploads\/2020\/12\/Bricolage-300x164.jpg 300w\" sizes=\"(max-width: 304px) 100vw, 304px\" \/><\/figure><\/li><li class=\"blocks-gallery-item\"><figure><img loading=\"lazy\" width=\"279\" height=\"181\" src=\"http:\/\/vousaider.fr\/wp-content\/uploads\/2020\/12\/De\u0301marches-adm.jpg\" alt=\"\" data-id=\"50\" data-full-url=\"http:\/\/vousaider.fr\/wp-content\/uploads\/2020\/12\/De\u0301marches-adm.jpg\" data-link=\"http:\/\/vousaider.fr\/?attachment_id=50\" class=\"wp-image-50\"\/><\/figure><\/li><li class=\"blocks-gallery-item\"><figure><img loading=\"lazy\" width=\"300\" height=\"168\" src=\"http:\/\/vousaider.fr\/wp-content\/uploads\/2020\/12\/De\u0301claration.jpg\" alt=\"\" data-id=\"49\" data-full-url=\"http:\/\/vousaider.fr\/wp-content\/uploads\/2020\/12\/De\u0301claration.jpg\" data-link=\"http:\/\/vousaider.fr\/?attachment_id=49\" class=\"wp-image-49\"\/><\/figure><\/li><li class=\"blocks-gallery-item\"><figure><img loading=\"lazy\" width=\"275\" height=\"183\" src=\"http:\/\/vousaider.fr\/wp-content\/uploads\/2020\/12\/peintre.jpg\" alt=\"\" data-id=\"47\" data-full-url=\"http:\/\/vousaider.fr\/wp-content\/uploads\/2020\/12\/peintre.jpg\" data-link=\"http:\/\/vousaider.fr\/?attachment_id=47\" class=\"wp-image-47\"\/><\/figure><\/li><li class=\"blocks-gallery-item\"><figure><img loading=\"lazy\" width=\"225\" height=\"225\" src=\"http:\/\/vousaider.fr\/wp-content\/uploads\/2020\/12\/haie.jpg\" alt=\"\" data-id=\"45\" data-full-url=\"http:\/\/vousaider.fr\/wp-content\/uploads\/2020\/12\/haie.jpg\" data-link=\"http:\/\/vousaider.fr\/?attachment_id=45\" class=\"wp-image-45\" srcset=\"https:\/\/vousaider.fr\/wp-content\/uploads\/2020\/12\/haie.jpg 225w, https:\/\/vousaider.fr\/wp-content\/uploads\/2020\/12\/haie-150x150.jpg 150w\" sizes=\"(max-width: 225px) 100vw, 225px\" \/><\/figure><\/li><\/ul><\/figure>\n","protected":false},"excerpt":{"rendered":"<p>BIENVENUE SUR MON SITE &#8230; Vous cherchez une personne s\u00e9rieuse, de confiance et polyvalente pour vous aider dans les t\u00e2ches du quotidien ? Vous souhaitez prendre du temps pour vous, d\u00e9l\u00e9guer \u00e0 une personne de confiance ? Vous avez besoin d&#8217;un &#8220;coup de main&#8221;, de fa\u00e7on provisoire ou plus durable, pour l&#8217;entretien de votre maison [&hellip;]<\/p>\n","protected":false},"author":1,"featured_media":0,"parent":0,"menu_order":0,"comment_status":"closed","ping_status":"closed","template":"","meta":[],"_links":{"self":[{"href":"https:\/\/vousaider.fr\/index.php?rest_route=\/wp\/v2\/pages\/53"}],"collection":[{"href":"https:\/\/vousaider.fr\/index.php?rest_route=\/wp\/v2\/pages"}],"about":[{"href":"https:\/\/vousaider.fr\/index.php?rest_route=\/wp\/v2\/types\/page"}],"author":[{"embeddable":true,"href":"https:\/\/vousaider.fr\/index.php?rest_route=\/wp\/v2\/users\/1"}],"replies":[{"embeddable":true,"href":"https:\/\/vousaider.fr\/index.php?rest_route=%2Fwp%2Fv2%2Fcomments&post=53"}],"version-history":[{"count":9,"href":"https:\/\/vousaider.fr\/index.php?rest_route=\/wp\/v2\/pages\/53\/revisions"}],"predecessor-version":[{"id":120,"href":"https:\/\/vousaider.fr\/index.php?rest_route=\/wp\/v2\/pages\/53\/revisions\/120"}],"wp:attachment":[{"href":"https:\/\/vousaider.fr\/index.php?rest_route=%2Fwp%2Fv2%2Fmedia&parent=53"}],"curies":[{"name":"wp","href":"https:\/\/api.w.org\/{rel}","templated":true}]}}